{"id":75,"date":"2025-08-08T17:10:09","date_gmt":"2025-08-08T17:10:09","guid":{"rendered":"https:\/\/sanatatedinbucovina.ro\/?page_id=75"},"modified":"2025-08-08T17:12:15","modified_gmt":"2025-08-08T17:12:15","slug":"beneficii","status":"publish","type":"page","link":"https:\/\/sanatatedinbucovina.ro\/index.php\/beneficii\/","title":{"rendered":"Beneficiile Aroniei"},"content":{"rendered":"\n<p>Aronia (Aronia melanocarpa), cunoscut\u0103 \u0219i sub numele de scoru\u015f negru, este un superaliment cu un con\u021binut extrem de ridicat de antioxidan\u021bi. Este recomandat\u0103 pentru:<\/p>\n\n\n\n<p>\u2022 \ud83d\udd0b <strong>\u00cent\u0103rirea sistemului imunitar<\/strong> \u2013 bogat\u0103 \u00een vitamina C, zinc \u0219i antioxidan\u021bi naturali.<\/p>\n\n\n\n<p>\u2022 \u2764\ufe0f <strong>Protejarea inimii<\/strong> \u2013 ajut\u0103 la reglarea tensiunii arteriale \u0219i scade colesterolul r\u0103u.<\/p>\n\n\n\n<p>\u2022 \ud83e\udde0 <strong>\u00cembun\u0103t\u0103\u021birea memoriei \u0219i a concentr\u0103rii<\/strong> \u2013 flavonoidele stimuleaz\u0103 circula\u021bia cerebral\u0103.<\/p>\n\n\n\n<p>\u2022 \ud83c\udf7d\ufe0f <strong>Sprijin pentru digestie<\/strong> \u2013 efecte antiinflamatoare \u0219i reglarea florei intestinale.<\/p>\n\n\n\n<p>\u2022 \ud83d\udc8e <strong>Detoxifierea organismului<\/strong> \u2013 neutralizeaz\u0103 radicalii liberi \u0219i sprijin\u0103 ficatul.<\/p>\n\n\n\n<p>\u2022 \ud83c\udf6c <strong>Echilibrarea glicemiei<\/strong> \u2013 potrivit\u0103 pentru diabetici (are un indice glicemic sc\u0103zut).<\/p>\n\n\n\n<p><em>Consumat\u0103 regulat, aronia contribuie la un stil de via\u021b\u0103 s\u0103n\u0103tos \u0219i echilibrat.<\/em><\/p>\n\n\n\n<p>\u2e3b<\/p>\n\n\n\n<p>\ud83d\udce6<strong> De ce s\u0103 alegi produsele noastre?<\/strong><\/p>\n\n\n\n<p>\u2022 100% natural, f\u0103r\u0103 aditivi<\/p>\n\n\n\n<p>\u2022 Cultivat local, sustenabil<\/p>\n\n\n\n<p>\u2022 Presat la rece pentru p\u0103strarea nutrien\u021bilor<\/p>\n\n\n\n<p>\u2022 Testat \u0219i certificat<\/p>\n\n\n\n<p>\u2022 Livrare rapid\u0103 la nivel na\u021bional<\/p>\n","protected":false},"excerpt":{"rendered":"<p>Aronia (Aronia melanocarpa), cunoscut\u0103 \u0219i sub numele de scoru\u015f negru, este un superaliment cu un con\u021binut extrem de ridicat de antioxidan\u021bi. Este recomandat\u0103 pentru: \u2022 \ud83d\udd0b \u00cent\u0103rirea sistemului imunitar \u2013 bogat\u0103 \u00een vitamina C, zinc \u0219i antioxidan\u021bi naturali. \u2022 \u2764\ufe0f Protejarea inimii \u2013 ajut\u0103 la reglarea tensiunii arteriale \u0219i scade colesterolul r\u0103u. \u2022 \ud83e\udde0 \u00cembun\u0103t\u0103\u021birea memoriei \u0219i a concentr\u0103rii \u2013 flavonoidele stimuleaz\u0103 circula\u021bia cerebral\u0103. \u2022 \ud83c\udf7d\ufe0f Sprijin pentru digestie \u2013 efecte antiinflamatoare \u0219i reglarea florei intestinale. \u2022 \ud83d\udc8e Detoxifierea organismului \u2013 neutralizeaz\u0103 radicalii liberi \u0219i sprijin\u0103 ficatul. \u2022 \ud83c\udf6c Echilibrarea glicemiei \u2013 potrivit\u0103 pentru diabetici (are un indice glicemic sc\u0103zut). Consumat\u0103 regulat, aronia contribuie la un stil de via\u021b\u0103 s\u0103n\u0103tos \u0219i echilibrat. \u2e3b \ud83d\udce6 De ce s\u0103 alegi produsele noastre? \u2022 100% natural, f\u0103r\u0103 aditivi \u2022 Cultivat local, sustenabil \u2022 Presat la rece pentru p\u0103strarea nutrien\u021bilor \u2022 Testat \u0219i certificat \u2022 Livrare rapid\u0103 la nivel na\u021bional<\/p>\n","protected":false},"author":1,"featured_media":0,"parent":0,"menu_order":0,"comment_status":"closed","ping_status":"closed","template":"","meta":{"footnotes":""},"class_list":["post-75","page","type-page","status-publish","hentry"],"jetpack_sharing_enabled":true,"_links":{"self":[{"href":"https:\/\/sanatatedinbucovina.ro\/index.php\/wp-json\/wp\/v2\/pages\/75","targetHints":{"allow":["GET"]}}],"collection":[{"href":"https:\/\/sanatatedinbucovina.ro\/index.php\/wp-json\/wp\/v2\/pages"}],"about":[{"href":"https:\/\/sanatatedinbucovina.ro\/index.php\/wp-json\/wp\/v2\/types\/page"}],"author":[{"embeddable":true,"href":"https:\/\/sanatatedinbucovina.ro\/index.php\/wp-json\/wp\/v2\/users\/1"}],"replies":[{"embeddable":true,"href":"https:\/\/sanatatedinbucovina.ro\/index.php\/wp-json\/wp\/v2\/comments?post=75"}],"version-history":[{"count":2,"href":"https:\/\/sanatatedinbucovina.ro\/index.php\/wp-json\/wp\/v2\/pages\/75\/revisions"}],"predecessor-version":[{"id":77,"href":"https:\/\/sanatatedinbucovina.ro\/index.php\/wp-json\/wp\/v2\/pages\/75\/revisions\/77"}],"wp:attachment":[{"href":"https:\/\/sanatatedinbucovina.ro\/index.php\/wp-json\/wp\/v2\/media?parent=75"}],"curies":[{"name":"wp","href":"https:\/\/api.w.org\/{rel}","templated":true}]}}