{"id":28,"date":"2025-08-08T12:18:24","date_gmt":"2025-08-08T12:18:24","guid":{"rendered":"https:\/\/sanatatedinbucovina.ro\/?page_id=28"},"modified":"2025-08-09T06:52:11","modified_gmt":"2025-08-09T06:52:11","slug":"aronia-sanatate-din-bucovina","status":"publish","type":"page","link":"https:\/\/sanatatedinbucovina.ro\/","title":{"rendered":"Aronia &#8211; Sanatate din Bucovina"},"content":{"rendered":"<div class=\"wpb-content-wrapper\"><p>[vc_row][vc_column][vc_column_text css=&#8221;&#8221;]<\/p>\r\n<p>Puterea Naturii \u00eentr-un Fruct<\/p>\r\n\r\n<p>Descoper\u0103 gustul autentic \u0219i beneficiile extraordinare ale fructului de aronia! Produsele noastre naturale \u2013 sucuri \u0219i fructe \u2013 sunt ob\u021binute din culturi locale, f\u0103r\u0103 adaosuri artificiale, p\u0103str\u00e2nd \u00eentreaga valoare nutritiv\u0103 a plantei. Alege s\u0103n\u0103tatea \u00een fiecare cutie!<\/p>\r\n\r\n<p>Suntem un produc\u0103tor local dedicat cultiv\u0103rii \u0219i proces\u0103rii fructului de aronia \u2013 o comoar\u0103 a naturii, recunoscut\u0103 pentru propriet\u0103\u021bile sale excep\u021bionale. Cultiv\u0103m cu grij\u0103 \u0219i respect pentru mediu, pentru a-\u021bi oferi un produs pur, autentic \u0219i s\u0103n\u0103tos.<\/p>\r\n\r\n<p>Ne dorim s\u0103 aducem \u00een casele rom\u00e2nilor un superaliment cu reale beneficii pentru s\u0103n\u0103tate, \u00eentr-o form\u0103 accesibil\u0103 \u0219i gustoas\u0103: sucul 100% natural de aronia.<\/p>\r\n<p>\u00a0<\/p>\r\n\r\n<figure class=\"wp-block-gallery has-nested-images columns-default is-cropped wp-block-gallery-1 is-layout-flex wp-block-gallery-is-layout-flex\">\r\n<figure class=\"wp-block-image size-large\"><a href=\"https:\/\/i0.wp.com\/sanatatedinbucovina.ro\/wp-content\/uploads\/2025\/08\/Unknown.jpg?ssl=1\"><img data-recalc-dims=\"1\" loading=\"lazy\" decoding=\"async\" data-id=\"38\" class=\"alignnone wp-image-38\" src=\"https:\/\/i0.wp.com\/sanatatedinbucovina.ro\/wp-content\/uploads\/2025\/08\/Unknown.jpg?resize=1024%2C576&#038;ssl=1\" alt=\"\" width=\"1024\" height=\"576\" srcset=\"https:\/\/i0.wp.com\/sanatatedinbucovina.ro\/wp-content\/uploads\/2025\/08\/Unknown.jpg?resize=1024%2C576&amp;ssl=1 1024w, https:\/\/i0.wp.com\/sanatatedinbucovina.ro\/wp-content\/uploads\/2025\/08\/Unknown.jpg?resize=300%2C169&amp;ssl=1 300w, https:\/\/i0.wp.com\/sanatatedinbucovina.ro\/wp-content\/uploads\/2025\/08\/Unknown.jpg?resize=768%2C432&amp;ssl=1 768w, https:\/\/i0.wp.com\/sanatatedinbucovina.ro\/wp-content\/uploads\/2025\/08\/Unknown.jpg?resize=1536%2C864&amp;ssl=1 1536w, https:\/\/i0.wp.com\/sanatatedinbucovina.ro\/wp-content\/uploads\/2025\/08\/Unknown.jpg?resize=600%2C338&amp;ssl=1 600w, https:\/\/i0.wp.com\/sanatatedinbucovina.ro\/wp-content\/uploads\/2025\/08\/Unknown.jpg?resize=800%2C450&amp;ssl=1 800w, https:\/\/i0.wp.com\/sanatatedinbucovina.ro\/wp-content\/uploads\/2025\/08\/Unknown.jpg?resize=550%2C309&amp;ssl=1 550w, https:\/\/i0.wp.com\/sanatatedinbucovina.ro\/wp-content\/uploads\/2025\/08\/Unknown.jpg?w=2016&amp;ssl=1 2016w\" sizes=\"auto, (max-width: 1000px) 100vw, 1000px\" \/><\/a><\/figure>\r\n\r\n\r\n\r\n<figure class=\"wp-block-image size-large\"><a href=\"https:\/\/i0.wp.com\/sanatatedinbucovina.ro\/wp-content\/uploads\/2025\/08\/Unknown-10.jpg?ssl=1\"><img data-recalc-dims=\"1\" loading=\"lazy\" decoding=\"async\" data-id=\"37\" class=\"alignnone wp-image-37\" src=\"https:\/\/i0.wp.com\/sanatatedinbucovina.ro\/wp-content\/uploads\/2025\/08\/Unknown-10.jpg?resize=326%2C419&#038;ssl=1\" alt=\"\" width=\"326\" height=\"419\" srcset=\"https:\/\/i0.wp.com\/sanatatedinbucovina.ro\/wp-content\/uploads\/2025\/08\/Unknown-10.jpg?w=326&amp;ssl=1 326w, https:\/\/i0.wp.com\/sanatatedinbucovina.ro\/wp-content\/uploads\/2025\/08\/Unknown-10.jpg?resize=233%2C300&amp;ssl=1 233w\" sizes=\"auto, (max-width: 326px) 100vw, 326px\" \/><\/a><\/figure>\r\n\r\n\r\n\r\n<figure class=\"wp-block-image size-large\"><a href=\"https:\/\/i0.wp.com\/sanatatedinbucovina.ro\/wp-content\/uploads\/2025\/08\/Unknown-9.jpg?ssl=1\"><img data-recalc-dims=\"1\" loading=\"lazy\" decoding=\"async\" data-id=\"36\" class=\"alignnone wp-image-36\" src=\"https:\/\/i0.wp.com\/sanatatedinbucovina.ro\/wp-content\/uploads\/2025\/08\/Unknown-9.jpg?resize=384%2C512&#038;ssl=1\" alt=\"\" width=\"384\" height=\"512\" srcset=\"https:\/\/i0.wp.com\/sanatatedinbucovina.ro\/wp-content\/uploads\/2025\/08\/Unknown-9.jpg?w=384&amp;ssl=1 384w, https:\/\/i0.wp.com\/sanatatedinbucovina.ro\/wp-content\/uploads\/2025\/08\/Unknown-9.jpg?resize=225%2C300&amp;ssl=1 225w\" sizes=\"auto, (max-width: 384px) 100vw, 384px\" \/><\/a><\/figure>\r\n\r\n\r\n\r\n<figure class=\"wp-block-image size-large\"><a href=\"https:\/\/i0.wp.com\/sanatatedinbucovina.ro\/wp-content\/uploads\/2025\/08\/Unknown-8.jpg?ssl=1\"><img data-recalc-dims=\"1\" loading=\"lazy\" decoding=\"async\" data-id=\"35\" class=\"alignnone wp-image-35\" src=\"https:\/\/i0.wp.com\/sanatatedinbucovina.ro\/wp-content\/uploads\/2025\/08\/Unknown-8.jpg?resize=768%2C1024&#038;ssl=1\" alt=\"\" width=\"768\" height=\"1024\" srcset=\"https:\/\/i0.wp.com\/sanatatedinbucovina.ro\/wp-content\/uploads\/2025\/08\/Unknown-8.jpg?resize=768%2C1024&amp;ssl=1 768w, https:\/\/i0.wp.com\/sanatatedinbucovina.ro\/wp-content\/uploads\/2025\/08\/Unknown-8.jpg?resize=225%2C300&amp;ssl=1 225w, https:\/\/i0.wp.com\/sanatatedinbucovina.ro\/wp-content\/uploads\/2025\/08\/Unknown-8.jpg?resize=1152%2C1536&amp;ssl=1 1152w, https:\/\/i0.wp.com\/sanatatedinbucovina.ro\/wp-content\/uploads\/2025\/08\/Unknown-8.jpg?resize=600%2C800&amp;ssl=1 600w, https:\/\/i0.wp.com\/sanatatedinbucovina.ro\/wp-content\/uploads\/2025\/08\/Unknown-8.jpg?resize=413%2C550&amp;ssl=1 413w, https:\/\/i0.wp.com\/sanatatedinbucovina.ro\/wp-content\/uploads\/2025\/08\/Unknown-8.jpg?w=1512&amp;ssl=1 1512w\" sizes=\"auto, (max-width: 768px) 100vw, 768px\" \/><\/a><\/figure>\r\n\r\n\r\n\r\n<figure class=\"wp-block-image size-large\"><a href=\"https:\/\/i0.wp.com\/sanatatedinbucovina.ro\/wp-content\/uploads\/2025\/08\/Unknown-7.jpg?ssl=1\"><img data-recalc-dims=\"1\" loading=\"lazy\" decoding=\"async\" data-id=\"34\" class=\"alignnone wp-image-34\" src=\"https:\/\/i0.wp.com\/sanatatedinbucovina.ro\/wp-content\/uploads\/2025\/08\/Unknown-7.jpg?resize=768%2C1024&#038;ssl=1\" alt=\"\" width=\"768\" height=\"1024\" srcset=\"https:\/\/i0.wp.com\/sanatatedinbucovina.ro\/wp-content\/uploads\/2025\/08\/Unknown-7.jpg?resize=768%2C1024&amp;ssl=1 768w, https:\/\/i0.wp.com\/sanatatedinbucovina.ro\/wp-content\/uploads\/2025\/08\/Unknown-7.jpg?resize=225%2C300&amp;ssl=1 225w, https:\/\/i0.wp.com\/sanatatedinbucovina.ro\/wp-content\/uploads\/2025\/08\/Unknown-7.jpg?resize=1152%2C1536&amp;ssl=1 1152w, https:\/\/i0.wp.com\/sanatatedinbucovina.ro\/wp-content\/uploads\/2025\/08\/Unknown-7.jpg?resize=600%2C800&amp;ssl=1 600w, https:\/\/i0.wp.com\/sanatatedinbucovina.ro\/wp-content\/uploads\/2025\/08\/Unknown-7.jpg?resize=413%2C550&amp;ssl=1 413w, https:\/\/i0.wp.com\/sanatatedinbucovina.ro\/wp-content\/uploads\/2025\/08\/Unknown-7.jpg?w=1536&amp;ssl=1 1536w\" sizes=\"auto, (max-width: 768px) 100vw, 768px\" \/><\/a><\/figure>\r\n\r\n\r\n\r\n<figure class=\"wp-block-image size-large\"><a href=\"https:\/\/i0.wp.com\/sanatatedinbucovina.ro\/wp-content\/uploads\/2025\/08\/Unknown-6.jpg?ssl=1\"><img data-recalc-dims=\"1\" loading=\"lazy\" decoding=\"async\" data-id=\"33\" class=\"alignnone wp-image-33\" src=\"https:\/\/i0.wp.com\/sanatatedinbucovina.ro\/wp-content\/uploads\/2025\/08\/Unknown-6.jpg?resize=768%2C1024&#038;ssl=1\" alt=\"\" width=\"768\" height=\"1024\" srcset=\"https:\/\/i0.wp.com\/sanatatedinbucovina.ro\/wp-content\/uploads\/2025\/08\/Unknown-6.jpg?resize=768%2C1024&amp;ssl=1 768w, https:\/\/i0.wp.com\/sanatatedinbucovina.ro\/wp-content\/uploads\/2025\/08\/Unknown-6.jpg?resize=225%2C300&amp;ssl=1 225w, https:\/\/i0.wp.com\/sanatatedinbucovina.ro\/wp-content\/uploads\/2025\/08\/Unknown-6.jpg?resize=1152%2C1536&amp;ssl=1 1152w, https:\/\/i0.wp.com\/sanatatedinbucovina.ro\/wp-content\/uploads\/2025\/08\/Unknown-6.jpg?resize=600%2C800&amp;ssl=1 600w, https:\/\/i0.wp.com\/sanatatedinbucovina.ro\/wp-content\/uploads\/2025\/08\/Unknown-6.jpg?resize=413%2C550&amp;ssl=1 413w, https:\/\/i0.wp.com\/sanatatedinbucovina.ro\/wp-content\/uploads\/2025\/08\/Unknown-6.jpg?w=1512&amp;ssl=1 1512w\" sizes=\"auto, (max-width: 768px) 100vw, 768px\" \/><\/a><\/figure>\r\n\r\n\r\n\r\n<figure class=\"wp-block-image size-large\"><a href=\"https:\/\/i0.wp.com\/sanatatedinbucovina.ro\/wp-content\/uploads\/2025\/08\/Unknown-5.jpg?ssl=1\"><img data-recalc-dims=\"1\" loading=\"lazy\" decoding=\"async\" data-id=\"32\" class=\"alignnone wp-image-32\" src=\"https:\/\/i0.wp.com\/sanatatedinbucovina.ro\/wp-content\/uploads\/2025\/08\/Unknown-5.jpg?resize=576%2C1024&#038;ssl=1\" alt=\"\" width=\"576\" height=\"1024\" srcset=\"https:\/\/i0.wp.com\/sanatatedinbucovina.ro\/wp-content\/uploads\/2025\/08\/Unknown-5.jpg?resize=576%2C1024&amp;ssl=1 576w, https:\/\/i0.wp.com\/sanatatedinbucovina.ro\/wp-content\/uploads\/2025\/08\/Unknown-5.jpg?resize=169%2C300&amp;ssl=1 169w, https:\/\/i0.wp.com\/sanatatedinbucovina.ro\/wp-content\/uploads\/2025\/08\/Unknown-5.jpg?resize=768%2C1365&amp;ssl=1 768w, https:\/\/i0.wp.com\/sanatatedinbucovina.ro\/wp-content\/uploads\/2025\/08\/Unknown-5.jpg?resize=864%2C1536&amp;ssl=1 864w, https:\/\/i0.wp.com\/sanatatedinbucovina.ro\/wp-content\/uploads\/2025\/08\/Unknown-5.jpg?resize=600%2C1067&amp;ssl=1 600w, https:\/\/i0.wp.com\/sanatatedinbucovina.ro\/wp-content\/uploads\/2025\/08\/Unknown-5.jpg?resize=450%2C800&amp;ssl=1 450w, https:\/\/i0.wp.com\/sanatatedinbucovina.ro\/wp-content\/uploads\/2025\/08\/Unknown-5.jpg?resize=309%2C550&amp;ssl=1 309w, https:\/\/i0.wp.com\/sanatatedinbucovina.ro\/wp-content\/uploads\/2025\/08\/Unknown-5.jpg?w=1080&amp;ssl=1 1080w\" sizes=\"auto, (max-width: 576px) 100vw, 576px\" \/><\/a><\/figure>\r\n\r\n\r\n\r\n<figure class=\"wp-block-image size-large\"><a href=\"https:\/\/i0.wp.com\/sanatatedinbucovina.ro\/wp-content\/uploads\/2025\/08\/Unknown-4.jpg?ssl=1\"><img data-recalc-dims=\"1\" loading=\"lazy\" decoding=\"async\" data-id=\"31\" class=\"alignnone wp-image-31\" src=\"https:\/\/i0.wp.com\/sanatatedinbucovina.ro\/wp-content\/uploads\/2025\/08\/Unknown-4.jpg?resize=768%2C1024&#038;ssl=1\" alt=\"\" width=\"768\" height=\"1024\" srcset=\"https:\/\/i0.wp.com\/sanatatedinbucovina.ro\/wp-content\/uploads\/2025\/08\/Unknown-4.jpg?resize=768%2C1024&amp;ssl=1 768w, https:\/\/i0.wp.com\/sanatatedinbucovina.ro\/wp-content\/uploads\/2025\/08\/Unknown-4.jpg?resize=225%2C300&amp;ssl=1 225w, https:\/\/i0.wp.com\/sanatatedinbucovina.ro\/wp-content\/uploads\/2025\/08\/Unknown-4.jpg?resize=1152%2C1536&amp;ssl=1 1152w, https:\/\/i0.wp.com\/sanatatedinbucovina.ro\/wp-content\/uploads\/2025\/08\/Unknown-4.jpg?resize=600%2C800&amp;ssl=1 600w, https:\/\/i0.wp.com\/sanatatedinbucovina.ro\/wp-content\/uploads\/2025\/08\/Unknown-4.jpg?resize=413%2C550&amp;ssl=1 413w, https:\/\/i0.wp.com\/sanatatedinbucovina.ro\/wp-content\/uploads\/2025\/08\/Unknown-4.jpg?w=1536&amp;ssl=1 1536w\" sizes=\"auto, (max-width: 768px) 100vw, 768px\" \/><\/a><\/figure>\r\n\r\n\r\n\r\n<figure class=\"wp-block-image size-large\"><a href=\"https:\/\/i0.wp.com\/sanatatedinbucovina.ro\/wp-content\/uploads\/2025\/08\/Unknown-3.jpg?ssl=1\"><img data-recalc-dims=\"1\" loading=\"lazy\" decoding=\"async\" data-id=\"30\" class=\"alignnone wp-image-30\" src=\"https:\/\/i0.wp.com\/sanatatedinbucovina.ro\/wp-content\/uploads\/2025\/08\/Unknown-3.jpg?resize=768%2C1024&#038;ssl=1\" alt=\"\" width=\"768\" height=\"1024\" srcset=\"https:\/\/i0.wp.com\/sanatatedinbucovina.ro\/wp-content\/uploads\/2025\/08\/Unknown-3.jpg?resize=768%2C1024&amp;ssl=1 768w, https:\/\/i0.wp.com\/sanatatedinbucovina.ro\/wp-content\/uploads\/2025\/08\/Unknown-3.jpg?resize=225%2C300&amp;ssl=1 225w, https:\/\/i0.wp.com\/sanatatedinbucovina.ro\/wp-content\/uploads\/2025\/08\/Unknown-3.jpg?resize=1152%2C1536&amp;ssl=1 1152w, https:\/\/i0.wp.com\/sanatatedinbucovina.ro\/wp-content\/uploads\/2025\/08\/Unknown-3.jpg?resize=600%2C800&amp;ssl=1 600w, https:\/\/i0.wp.com\/sanatatedinbucovina.ro\/wp-content\/uploads\/2025\/08\/Unknown-3.jpg?resize=413%2C550&amp;ssl=1 413w, https:\/\/i0.wp.com\/sanatatedinbucovina.ro\/wp-content\/uploads\/2025\/08\/Unknown-3.jpg?w=1512&amp;ssl=1 1512w\" sizes=\"auto, (max-width: 768px) 100vw, 768px\" \/><\/a><\/figure>\r\n\r\n\r\n\r\n<figure class=\"wp-block-image size-large\"><a href=\"https:\/\/i0.wp.com\/sanatatedinbucovina.ro\/wp-content\/uploads\/2025\/08\/Unknown-2.jpg?ssl=1\"><img data-recalc-dims=\"1\" loading=\"lazy\" decoding=\"async\" data-id=\"29\" class=\"alignnone wp-image-29\" src=\"https:\/\/i0.wp.com\/sanatatedinbucovina.ro\/wp-content\/uploads\/2025\/08\/Unknown-2.jpg?resize=768%2C1024&#038;ssl=1\" alt=\"\" width=\"768\" height=\"1024\" srcset=\"https:\/\/i0.wp.com\/sanatatedinbucovina.ro\/wp-content\/uploads\/2025\/08\/Unknown-2.jpg?resize=768%2C1024&amp;ssl=1 768w, https:\/\/i0.wp.com\/sanatatedinbucovina.ro\/wp-content\/uploads\/2025\/08\/Unknown-2.jpg?resize=225%2C300&amp;ssl=1 225w, https:\/\/i0.wp.com\/sanatatedinbucovina.ro\/wp-content\/uploads\/2025\/08\/Unknown-2.jpg?resize=1152%2C1536&amp;ssl=1 1152w, https:\/\/i0.wp.com\/sanatatedinbucovina.ro\/wp-content\/uploads\/2025\/08\/Unknown-2.jpg?resize=600%2C800&amp;ssl=1 600w, https:\/\/i0.wp.com\/sanatatedinbucovina.ro\/wp-content\/uploads\/2025\/08\/Unknown-2.jpg?resize=413%2C550&amp;ssl=1 413w, https:\/\/i0.wp.com\/sanatatedinbucovina.ro\/wp-content\/uploads\/2025\/08\/Unknown-2.jpg?w=1512&amp;ssl=1 1512w\" sizes=\"auto, (max-width: 768px) 100vw, 768px\" \/><\/a><\/figure>\r\n<\/figure>\r\n<p>\u00a0<\/p>\r\n<p>\u00a0<\/p>\r\n<p>[\/vc_column_text][\/vc_column][\/vc_row]<\/p><\/div>","protected":false},"excerpt":{"rendered":"<p>[vc_row][vc_column][vc_column_text css=&#8221;&#8221;] Puterea Naturii \u00eentr-un Fruct Descoper\u0103 gustul autentic \u0219i beneficiile extraordinare ale fructului de aronia! Produsele noastre naturale \u2013 sucuri \u0219i fructe \u2013 sunt ob\u021binute din culturi locale, f\u0103r\u0103 adaosuri artificiale, p\u0103str\u00e2nd \u00eentreaga valoare nutritiv\u0103 a plantei. Alege s\u0103n\u0103tatea \u00een fiecare cutie! Suntem un produc\u0103tor local dedicat cultiv\u0103rii \u0219i proces\u0103rii fructului de aronia \u2013 o comoar\u0103 a naturii, recunoscut\u0103 pentru propriet\u0103\u021bile sale excep\u021bionale. Cultiv\u0103m cu grij\u0103 \u0219i respect pentru mediu, pentru a-\u021bi oferi un produs pur, autentic \u0219i s\u0103n\u0103tos. Ne dorim s\u0103 aducem \u00een casele rom\u00e2nilor un superaliment cu reale beneficii pentru s\u0103n\u0103tate, \u00eentr-o form\u0103 accesibil\u0103 \u0219i gustoas\u0103: sucul 100% natural de aronia. \u00a0 \u00a0 \u00a0 [\/vc_column_text][\/vc_column][\/vc_row]<\/p>\n","protected":false},"author":1,"featured_media":0,"parent":0,"menu_order":0,"comment_status":"closed","ping_status":"closed","template":"page-templates\/full-width.php","meta":{"footnotes":""},"class_list":["post-28","page","type-page","status-publish","hentry"],"jetpack_sharing_enabled":true,"_links":{"self":[{"href":"https:\/\/sanatatedinbucovina.ro\/index.php\/wp-json\/wp\/v2\/pages\/28","targetHints":{"allow":["GET"]}}],"collection":[{"href":"https:\/\/sanatatedinbucovina.ro\/index.php\/wp-json\/wp\/v2\/pages"}],"about":[{"href":"https:\/\/sanatatedinbucovina.ro\/index.php\/wp-json\/wp\/v2\/types\/page"}],"author":[{"embeddable":true,"href":"https:\/\/sanatatedinbucovina.ro\/index.php\/wp-json\/wp\/v2\/users\/1"}],"replies":[{"embeddable":true,"href":"https:\/\/sanatatedinbucovina.ro\/index.php\/wp-json\/wp\/v2\/comments?post=28"}],"version-history":[{"count":9,"href":"https:\/\/sanatatedinbucovina.ro\/index.php\/wp-json\/wp\/v2\/pages\/28\/revisions"}],"predecessor-version":[{"id":74,"href":"https:\/\/sanatatedinbucovina.ro\/index.php\/wp-json\/wp\/v2\/pages\/28\/revisions\/74"}],"wp:attachment":[{"href":"https:\/\/sanatatedinbucovina.ro\/index.php\/wp-json\/wp\/v2\/media?parent=28"}],"curies":[{"name":"wp","href":"https:\/\/api.w.org\/{rel}","templated":true}]}}